{"id":380,"date":"2020-12-01T14:01:22","date_gmt":"2020-12-01T12:01:22","guid":{"rendered":"https:\/\/humanae.ee\/tookohad\/"},"modified":"2021-01-08T13:50:56","modified_gmt":"2021-01-08T11:50:56","slug":"tookohad","status":"publish","type":"page","link":"https:\/\/humanae.ee\/ru\/tookohad\/","title":{"rendered":"T\u00f6\u00f6kohad"},"content":{"rendered":"<div class=\"b-block pad-top-50 pad-bottom-50\"><div class=\"p-txtmedia b-part container\"><div class=\"p-txtmedia__media\"><img decoding=\"async\" width=\"570\" height=\"440\" src=\"https:\/\/humanae.ee\/wp-content\/uploads\/fly-images\/160\/Mask-Group-269-570x440-c.jpg\" class=\"p-txtmedia__media-image\" alt=\"Mask Group 269\" \/><\/div><div class=\"p-txtmedia__content\"><h3 class=\"p-txtmedia__title\">Meil on iga ese, iga klient ja iga t\u00f6\u00f6taja kordumatu!<\/h3><div class=\"editor-content\"><p><strong>Klienditeenindaja \u00fclesanded<\/strong><\/p>\n<ul>\n<li>klientide teenindamine saalis ja kassas<\/li>\n<li>kauba m\u00fc\u00fcgiks ettevalmistamine<\/li>\n<li>m\u00fc\u00fcgisaali korrashoid<\/li>\n<li>mannekeenide kost\u00fcmeerimine<\/li>\n<\/ul>\n<\/div><\/div><\/div><div class=\"b-part p-btn container text-center\"><a class=\"p-btn__item btn btn-primary\" href=\"https:\/\/www.cvkeskus.ee\/humana-sorteerimiskeskus-ou-toopakkumised-19214\" target=\"_blank\">Vaata vabu t\u00f6\u00f6kohti<\/a><\/div><\/div>","protected":false},"excerpt":{"rendered":"","protected":false},"author":1,"featured_media":3118,"parent":0,"menu_order":40,"comment_status":"closed","ping_status":"closed","template":"","meta":{"_acf_changed":false,"inline_featured_image":false,"footnotes":""},"class_list":["post-380","page","type-page","status-publish","has-post-thumbnail","hentry"],"acf":[],"yoast_head":"<!-- This site is optimized with the Yoast SEO plugin v24.4 - https:\/\/yoast.com\/wordpress\/plugins\/seo\/ -->\n<title>T\u00f6\u00f6kohad - Humana Estonia<\/title>\n<meta name=\"robots\" content=\"index, follow, max-snippet:-1, max-image-preview:large, max-video-preview:-1\" \/>\n<link rel=\"canonical\" href=\"https:\/\/humanae.ee\/ru\/tookohad\/\" \/>\n<meta property=\"og:locale\" content=\"ru_RU\" \/>\n<meta property=\"og:type\" content=\"article\" \/>\n<meta property=\"og:title\" content=\"T\u00f6\u00f6kohad - Humana Estonia\" \/>\n<meta property=\"og:url\" content=\"https:\/\/humanae.ee\/ru\/tookohad\/\" \/>\n<meta property=\"og:site_name\" content=\"Humana Estonia\" \/>\n<meta property=\"article:modified_time\" content=\"2021-01-08T11:50:56+00:00\" \/>\n<meta name=\"twitter:card\" content=\"summary_large_image\" \/>\n<script type=\"application\/ld+json\" class=\"yoast-schema-graph\">{\"@context\":\"https:\/\/schema.org\",\"@graph\":[{\"@type\":\"WebPage\",\"@id\":\"https:\/\/humanae.ee\/ru\/tookohad\/\",\"url\":\"https:\/\/humanae.ee\/ru\/tookohad\/\",\"name\":\"T\u00f6\u00f6kohad - Humana Estonia\",\"isPartOf\":{\"@id\":\"https:\/\/humanae.ee\/#website\"},\"primaryImageOfPage\":{\"@id\":\"https:\/\/humanae.ee\/ru\/tookohad\/#primaryimage\"},\"image\":{\"@id\":\"https:\/\/humanae.ee\/ru\/tookohad\/#primaryimage\"},\"thumbnailUrl\":\"https:\/\/humanae.ee\/wp-content\/uploads\/2022\/06\/tunnus-c.jpg\",\"datePublished\":\"2020-12-01T12:01:22+00:00\",\"dateModified\":\"2021-01-08T11:50:56+00:00\",\"breadcrumb\":{\"@id\":\"https:\/\/humanae.ee\/ru\/tookohad\/#breadcrumb\"},\"inLanguage\":\"ru-RU\",\"potentialAction\":[{\"@type\":\"ReadAction\",\"target\":[\"https:\/\/humanae.ee\/ru\/tookohad\/\"]}]},{\"@type\":\"ImageObject\",\"inLanguage\":\"ru-RU\",\"@id\":\"https:\/\/humanae.ee\/ru\/tookohad\/#primaryimage\",\"url\":\"https:\/\/humanae.ee\/wp-content\/uploads\/2022\/06\/tunnus-c.jpg\",\"contentUrl\":\"https:\/\/humanae.ee\/wp-content\/uploads\/2022\/06\/tunnus-c.jpg\",\"width\":1200,\"height\":800},{\"@type\":\"BreadcrumbList\",\"@id\":\"https:\/\/humanae.ee\/ru\/tookohad\/#breadcrumb\",\"itemListElement\":[{\"@type\":\"ListItem\",\"position\":1,\"name\":\"Home\",\"item\":\"https:\/\/humanae.ee\/ru\/\"},{\"@type\":\"ListItem\",\"position\":2,\"name\":\"T\u00f6\u00f6kohad\"}]},{\"@type\":\"WebSite\",\"@id\":\"https:\/\/humanae.ee\/#website\",\"url\":\"https:\/\/humanae.ee\/\",\"name\":\"Humana Estonia\",\"description\":\"S\u00e4\u00e4stad raha, s\u00e4\u00e4stad loodust, oled isikup\u00e4rane\",\"potentialAction\":[{\"@type\":\"SearchAction\",\"target\":{\"@type\":\"EntryPoint\",\"urlTemplate\":\"https:\/\/humanae.ee\/?s={search_term_string}\"},\"query-input\":{\"@type\":\"PropertyValueSpecification\",\"valueRequired\":true,\"valueName\":\"search_term_string\"}}],\"inLanguage\":\"ru-RU\"}]}<\/script>\n<!-- \/ Yoast SEO plugin. -->","yoast_head_json":{"title":"T\u00f6\u00f6kohad - Humana Estonia","robots":{"index":"index","follow":"follow","max-snippet":"max-snippet:-1","max-image-preview":"max-image-preview:large","max-video-preview":"max-video-preview:-1"},"canonical":"https:\/\/humanae.ee\/ru\/tookohad\/","og_locale":"ru_RU","og_type":"article","og_title":"T\u00f6\u00f6kohad - Humana Estonia","og_url":"https:\/\/humanae.ee\/ru\/tookohad\/","og_site_name":"Humana Estonia","article_modified_time":"2021-01-08T11:50:56+00:00","twitter_card":"summary_large_image","schema":{"@context":"https:\/\/schema.org","@graph":[{"@type":"WebPage","@id":"https:\/\/humanae.ee\/ru\/tookohad\/","url":"https:\/\/humanae.ee\/ru\/tookohad\/","name":"T\u00f6\u00f6kohad - Humana Estonia","isPartOf":{"@id":"https:\/\/humanae.ee\/#website"},"primaryImageOfPage":{"@id":"https:\/\/humanae.ee\/ru\/tookohad\/#primaryimage"},"image":{"@id":"https:\/\/humanae.ee\/ru\/tookohad\/#primaryimage"},"thumbnailUrl":"https:\/\/humanae.ee\/wp-content\/uploads\/2022\/06\/tunnus-c.jpg","datePublished":"2020-12-01T12:01:22+00:00","dateModified":"2021-01-08T11:50:56+00:00","breadcrumb":{"@id":"https:\/\/humanae.ee\/ru\/tookohad\/#breadcrumb"},"inLanguage":"ru-RU","potentialAction":[{"@type":"ReadAction","target":["https:\/\/humanae.ee\/ru\/tookohad\/"]}]},{"@type":"ImageObject","inLanguage":"ru-RU","@id":"https:\/\/humanae.ee\/ru\/tookohad\/#primaryimage","url":"https:\/\/humanae.ee\/wp-content\/uploads\/2022\/06\/tunnus-c.jpg","contentUrl":"https:\/\/humanae.ee\/wp-content\/uploads\/2022\/06\/tunnus-c.jpg","width":1200,"height":800},{"@type":"BreadcrumbList","@id":"https:\/\/humanae.ee\/ru\/tookohad\/#breadcrumb","itemListElement":[{"@type":"ListItem","position":1,"name":"Home","item":"https:\/\/humanae.ee\/ru\/"},{"@type":"ListItem","position":2,"name":"T\u00f6\u00f6kohad"}]},{"@type":"WebSite","@id":"https:\/\/humanae.ee\/#website","url":"https:\/\/humanae.ee\/","name":"Humana Estonia","description":"S\u00e4\u00e4stad raha, s\u00e4\u00e4stad loodust, oled isikup\u00e4rane","potentialAction":[{"@type":"SearchAction","target":{"@type":"EntryPoint","urlTemplate":"https:\/\/humanae.ee\/?s={search_term_string}"},"query-input":{"@type":"PropertyValueSpecification","valueRequired":true,"valueName":"search_term_string"}}],"inLanguage":"ru-RU"}]}},"jetpack_sharing_enabled":true,"_links":{"self":[{"href":"https:\/\/humanae.ee\/ru\/wp-json\/wp\/v2\/pages\/380","targetHints":{"allow":["GET"]}}],"collection":[{"href":"https:\/\/humanae.ee\/ru\/wp-json\/wp\/v2\/pages"}],"about":[{"href":"https:\/\/humanae.ee\/ru\/wp-json\/wp\/v2\/types\/page"}],"author":[{"embeddable":true,"href":"https:\/\/humanae.ee\/ru\/wp-json\/wp\/v2\/users\/1"}],"replies":[{"embeddable":true,"href":"https:\/\/humanae.ee\/ru\/wp-json\/wp\/v2\/comments?post=380"}],"version-history":[{"count":1,"href":"https:\/\/humanae.ee\/ru\/wp-json\/wp\/v2\/pages\/380\/revisions"}],"predecessor-version":[{"id":396,"href":"https:\/\/humanae.ee\/ru\/wp-json\/wp\/v2\/pages\/380\/revisions\/396"}],"wp:featuredmedia":[{"embeddable":true,"href":"https:\/\/humanae.ee\/ru\/wp-json\/wp\/v2\/media\/3118"}],"wp:attachment":[{"href":"https:\/\/humanae.ee\/ru\/wp-json\/wp\/v2\/media?parent=380"}],"curies":[{"name":"wp","href":"https:\/\/api.w.org\/{rel}","templated":true}]}}