{"id":377,"date":"2020-12-01T14:01:38","date_gmt":"2020-12-01T12:01:38","guid":{"rendered":"https:\/\/humanae.ee\/kontaktid\/"},"modified":"2024-03-14T12:57:39","modified_gmt":"2024-03-14T10:57:39","slug":"%d0%ba%d0%be%d0%bd%d1%82%d0%b0%d0%ba%d1%82%d1%8b","status":"publish","type":"page","link":"https:\/\/humanae.ee\/ru\/%d0%ba%d0%be%d0%bd%d1%82%d0%b0%d0%ba%d1%82%d1%8b\/","title":{"rendered":"\u041a\u043e\u043d\u0442\u0430\u043a\u0442\u044b"},"content":{"rendered":"<div class=\"b-block pad-top-60 pad-bottom-50\"><div id=\"e6a05a7686e884\" class=\"b-part p-cols container\"><div class=\"p-cols__row row align-items-center\"><div class=\"p-cols__col col editor-content\"><div class=\"p-cols__col-content\"><p><strong>Humana Sorteerimiskeskus O\u00dc<br \/>\n\u0420\u0435\u0433. \u043d\u043e\u043c\u0435\u0440<\/strong>\u00a010775392<br \/>\n<strong>\u041d\u0414\u0421<\/strong>\u00a0EE100693919<br \/>\nJ\u00e4lgim\u00e4e 13, 76406, T\u00e4nassilma \u0434\u0435\u0440\u0435\u0432\u043d\u044f, Saku \u043c\u0443\u043d\u0438\u0446\u0438\u043f\u0430\u043b\u0438\u0442\u0435\u0442<\/p>\n<p><strong>\u0442\u0435\u043b\u0435\u0444\u043e\u043d\u00a0<\/strong>9:00-16:00: <a href=\"tel:+37254004138\">(+372) 54004138<\/a><br \/>\n<strong>\u0435-\u043c\u0435\u0439\u043b:<\/strong> <a href=\"mailto:info@humanae.ee\">info@humanae.ee<\/a><\/p>\n<p><strong>\u0414\u0438\u0440\u0435\u043a\u0442\u043e\u0440<\/strong><br \/>\nMargus Suik<br \/>\n\u0435-\u043c\u0435\u0439\u043b: <a href=\"mailto:margus.suik@humanae.ee\">margus.suik@humanae.ee<\/a><\/p>\n<p><strong>\u0418\u043d\u0444\u043e\u0440\u043c\u0430\u0446\u0438\u043e\u043d\u043d\u044b\u0439 \u043c\u0435\u043d\u0435\u0434\u0436\u0435\u0440<\/strong><br \/>\nMari-Helene Kaber<br \/>\n\u0442\u0435\u043b\u0435\u0444\u043e\u043d: <a href=\"tel:+37259196050\">(+372) 59 19 60 50<\/a><br \/>\n\u0435-\u043c\u0435\u0439\u043b: <a href=\"mailto:info@humanae.ee\">info@humanae.ee<\/a><\/p>\n<\/div><\/div><div class=\"p-cols__col col editor-content\"><div class=\"p-cols__col-content\"><p><iframe loading=\"lazy\" style=\"border: 0;\" tabindex=\"0\" src=\"https:\/\/www.google.com\/maps\/embed?pb=!1m18!1m12!1m3!1d5077.65102411995!2d24.620150433172636!3d59.34030092704657!2m3!1f0!2f0!3f0!3m2!1i1024!2i768!4f13.1!3m3!1m2!1s0x4692bfca323f9725%3A0xb793e65462b43b71!2sHumana%20Sorteerimiskeskus%20O%C3%9C!5e0!3m2!1set!2see!4v1606908150508!5m2!1set!2see\" width=\"600\" height=\"380\" frameborder=\"0\" allowfullscreen=\"allowfullscreen\" aria-hidden=\"false\"><\/iframe><\/p>\n<\/div><\/div><\/div><\/div><\/div><div class=\"b-block pad-top-50 pad-bottom-50\"><div id=\"e6a05a7686e9da\" class=\"b-part p-cols container\"><div class=\"p-cols__row row\"><div class=\"p-cols__col col editor-content\"><div class=\"p-cols__col-content\"><h4>\u041c\u0430\u0433\u0430\u0437\u0438\u043d\u044b<\/h4>\n<p><strong>Iiri Kikas<\/strong><\/p>\n<p><strong>\u0442\u0435\u043b\u0435\u0444\u043e\u043d:<\/strong> <a href=\"tel:+37255541102\">(+372) 555 411 02<\/a><br \/>\n<strong>\u0435-\u043c\u0435\u0439\u043b:<\/strong> <a href=\"mailto:iiri.kikas@humanae.ee\">iiri.kikas@humanae.ee<\/a><\/p>\n<p>&nbsp;<\/p>\n<\/div><\/div><div class=\"p-cols__col col editor-content\"><div class=\"p-cols__col-content\"><h4>\u041c\u0435\u043d\u0435\u0434\u0436\u0435\u0440 \u043f\u043e \u0438\u043c\u043f\u043e\u0440\u0442\u0443-\u044d\u043a\u0441\u043f\u043e\u0440\u0442\u0443<\/h4>\n<p><b>Christopher Wallace Kehinde<\/b><\/p>\n<p><strong>\u0442\u0435\u043b\u0435\u0444\u043e\u043d:<\/strong> <a href=\"tel:+37253226506\">(+372) 53 226 506<\/a><br \/>\n<strong>\u0435-\u043c\u0435\u0439\u043b:<\/strong> <a href=\"mailto:christopher@humanae.ee\">christopher@humanae.ee<\/a><\/p>\n<\/div><\/div><div class=\"p-cols__col col editor-content\"><div class=\"p-cols__col-content\"><h4>\u0421\u0431\u043e\u0440 \u043e\u0434\u0435\u0436\u0434\u044b<\/h4>\n<p><strong>Kalev Uusp\u00f5ld<\/strong><\/p>\n<p><strong>\u0442\u0435\u043b\u0435\u0444\u043e\u043d:<\/strong> <a href=\"tel:(+372) 5885 7000\">(+372) 5885 7000<\/a><br \/>\n<strong>\u0435-\u043c\u0435\u0439\u043b:<\/strong> <a href=\"mailto:kogumine@humanae.ee\">kogumine@humanae.ee<\/a><\/p>\n<\/div><\/div><div class=\"p-cols__col col editor-content\"><div class=\"p-cols__col-content\"><h4>\u041c\u0435\u043d\u0435\u0434\u0436\u0435\u0440 \u043f\u043e \u043f\u0435\u0440\u0441\u043e\u043d\u0430\u043b\u0443<\/h4>\n<p><strong>Katrin K\u00fcnnapuu<\/strong><\/p>\n<p><strong>\u0442\u0435\u043b\u0435\u0444\u043e\u043d: <\/strong><a href=\"tel:+3725097647\">(+372) 5097647<\/a><br \/>\n<strong>\u0435-\u043c\u0435\u0439\u043b:<\/strong> <a href=\"mailto:personal@humanae.ee\">personal@humanae.ee<\/a><\/p>\n<\/div><\/div><\/div><\/div><div class=\"b-part p-btn container text-center\"><a class=\"p-btn__item btn btn-primary\" href=\"https:\/\/humanae.ee\/ru\/%d0%bc%d0%b0%d0%b3%d0%b0%d0%b7%d0%b8%d0%bd%d1%8b\/\">\u041a\u043e\u043d\u0442\u0430\u043a\u0442\u044b \u043c\u0430\u0433\u0430\u0437\u0438\u043d\u0430<\/a><\/div><\/div>","protected":false},"excerpt":{"rendered":"","protected":false},"author":1,"featured_media":3190,"parent":0,"menu_order":50,"comment_status":"closed","ping_status":"closed","template":"","meta":{"_acf_changed":false,"inline_featured_image":false,"footnotes":""},"class_list":["post-377","page","type-page","status-publish","has-post-thumbnail","hentry"],"acf":[],"jetpack_sharing_enabled":true,"_links":{"self":[{"href":"https:\/\/humanae.ee\/ru\/wp-json\/wp\/v2\/pages\/377","targetHints":{"allow":["GET"]}}],"collection":[{"href":"https:\/\/humanae.ee\/ru\/wp-json\/wp\/v2\/pages"}],"about":[{"href":"https:\/\/humanae.ee\/ru\/wp-json\/wp\/v2\/types\/page"}],"author":[{"embeddable":true,"href":"https:\/\/humanae.ee\/ru\/wp-json\/wp\/v2\/users\/1"}],"replies":[{"embeddable":true,"href":"https:\/\/humanae.ee\/ru\/wp-json\/wp\/v2\/comments?post=377"}],"version-history":[{"count":22,"href":"https:\/\/humanae.ee\/ru\/wp-json\/wp\/v2\/pages\/377\/revisions"}],"predecessor-version":[{"id":9138,"href":"https:\/\/humanae.ee\/ru\/wp-json\/wp\/v2\/pages\/377\/revisions\/9138"}],"wp:featuredmedia":[{"embeddable":true,"href":"https:\/\/humanae.ee\/ru\/wp-json\/wp\/v2\/media\/3190"}],"wp:attachment":[{"href":"https:\/\/humanae.ee\/ru\/wp-json\/wp\/v2\/media?parent=377"}],"curies":[{"name":"wp","href":"https:\/\/api.w.org\/{rel}","templated":true}]}}