{"id":373,"date":"2020-12-03T11:18:54","date_gmt":"2020-12-03T09:18:54","guid":{"rendered":"https:\/\/humanae.ee\/meediakajastused\/"},"modified":"2023-04-05T09:12:12","modified_gmt":"2023-04-05T06:12:12","slug":"%d0%b4%d1%80%d1%83%d0%b3%d0%b8%d0%b5-%d0%be-%d0%bd%d0%b0%d1%81","status":"publish","type":"page","link":"https:\/\/humanae.ee\/ru\/%d0%be-%d0%bd%d0%b0%d1%81\/%d0%b4%d1%80%d1%83%d0%b3%d0%b8%d0%b5-%d0%be-%d0%bd%d0%b0%d1%81\/","title":{"rendered":"\u0414\u0440\u0443\u0433\u0438\u0435 \u043e \u043d\u0430\u0441"},"content":{"rendered":"\n<p class=\"wp-el\"><span style=\"text-decoration: underline;\"><a href=\"https:\/\/roheportaal.delfi.ee\/artikkel\/120160238\/tekstiilijaatmed-meeletu-probleem-mille-maht-tundub-hoomamatu\" target=\"_blank\" rel=\"noreferrer noopener\">Delfi Roheportaal<\/a><\/span> tutvustab uusi riidekonteinereid Delfi 31.03<\/p>\n\n\n\n<p class=\"wp-el\"><a href=\"https:\/\/www.tallinn.ee\/et\/uudis\/tallinna-jaatmekeskus-paigutab-linna-uued-kasutuskolblike-riiete-konteinerid\" target=\"_blank\" rel=\"noreferrer noopener\"><span style=\"text-decoration: underline;\">Tallinna J\u00e4\u00e4tmekeskus paigutab linna uued kasutusk\u00f5lblike riiete konteinerid<\/span><\/a> tallinn.ee 23.03<\/p>\n\n\n\n<p class=\"wp-el\"><span style=\"text-decoration: underline;\"><a href=\"https:\/\/parnu.postimees.ee\/7656591\/teise-ringi-kauplused-pusivad-au-sees\" target=\"_blank\" rel=\"noreferrer noopener\">Teise ringi kauplused p\u00fcsivad au sees<\/a><\/span> P\u00e4rnu Postimees 25.10.2022<\/p>\n\n\n\n<p class=\"wp-el\"><a href=\"https:\/\/www.tv3.ee\/3ee-saated\/maribel-blog\/eesti-humana-kuninganna-maribelile-nuud-vota-paljaks\/\" target=\"_blank\" rel=\"noreferrer noopener\"><span style=\"text-decoration: underline;\">Maribel V\u00e4\u00e4na blogi<\/span><\/a> TV3 august 2022<\/p>\n\n\n\n<p class=\"wp-el\"><a href=\"https:\/\/annestiil.delfi.ee\/artikkel\/93854285\/riiete-uus-elu\" target=\"_blank\" rel=\"noreferrer noopener\"><span style=\"text-decoration: underline;\">Riiete uus elu<\/span><\/a>&nbsp;Anne&amp;Stiil juuni 2021<\/p>\n\n\n\n<p class=\"wp-el\"><a href=\"https:\/\/www.err.ee\/1608205672\/kaupluste-avanemine-toi-mone-poe-juurde-pika-jarjekorra\" target=\"_blank\" rel=\"noreferrer noopener\"><span style=\"text-decoration: underline;\">Kaupluste avanemine t\u00f5i m\u00f5ne poe juurde pika j\u00e4rjekorra<\/span><\/a>&nbsp;ETV, Aktuaalne Kaamera 7.05.2021<\/p>\n\n\n\n<p class=\"wp-el\"><a href=\"https:\/\/annestiil.delfi.ee\/artikkel\/93260419\/ulevaade-kui-raha-pole-jalaga-segada-leiab-agedat-kraami-ka-vaga-soodsalt-kust-ja-kuidas\" target=\"_blank\" rel=\"noreferrer noopener\"><span style=\"text-decoration: underline;\">Kui raha pole jalaga segada, leiab \u00e4gedat kraami ka v\u00e4ga soodsalt. Kust ja kuidas?<\/span><\/a>&nbsp;DElfi, 30.04.2021<\/p>\n\n\n\n<p class=\"wp-el\"><span style=\"text-decoration: underline;\"><a href=\"https:\/\/www.err.ee\/1213765\/eestlased-ostavad-tunduvalt-rohkem-riideid-kui-latlased-leedukad\">Eestlased ostavad tunduvalt rohkem riideid kui l\u00e4tlased-leedukad<\/a><\/span> ERR 19.12.2020<\/p>\n\n\n\n<p class=\"wp-el\"><span style=\"text-decoration: underline;\"><a href=\"http:\/\/Soodne ja stiilne! Need on meie toimetuse parimad sekkarileiud Anne&amp;Stiil 13.09.2020 https:\/\/annestiil.delfi.ee\/artikkel\/91027029\/soodne-ja-stiilne-need-on-meie-toimetuse-parimad-sekkarileiud?\">Soodne ja stiilne! Need on meie toimetuse parimad sekkarileiud<\/a><\/span> Anne&amp;Stiil 13.09.2020<\/p>\n\n\n\n<p class=\"wp-el\"><span style=\"text-decoration: underline;\"><a href=\"https:\/\/www.err.ee\/1129194\/koroonaaeg-on-pannud-inimesed-rohkem-riideid-annetama\">Koroonaaeg on pannud inimesed rohkem riideid annetama<\/a><\/span> ERR, 30.08.2020<\/p>\n\n\n\n<p class=\"wp-el\"><a href=\"https:\/\/kroonika.delfi.ee\/artikkel\/90870953\/liina-ariadne-pedanik-paljastas-mis-poodides-tema-soppamas-kaib?\"><span style=\"text-decoration: underline;\">Liina Ariadne Pedanik paljastas, mis poodides tema \u0161oppamas k\u00e4ib<\/span><\/a> Kroonika 28.02.2020<\/p>\n","protected":false},"excerpt":{"rendered":"<p>Delfi Roheportaal tutvustab uusi riidekonteinereid Delfi 31.03 Tallinna J\u00e4\u00e4tmekeskus paigutab linna uued kasutusk\u00f5lblike riiete konteinerid tallinn.ee 23.03 Teise ringi kauplused&#8230;<\/p>\n","protected":false},"author":1,"featured_media":3202,"parent":387,"menu_order":1,"comment_status":"closed","ping_status":"closed","template":"","meta":{"_acf_changed":false,"inline_featured_image":false,"footnotes":""},"class_list":["post-373","page","type-page","status-publish","has-post-thumbnail","hentry"],"acf":[],"yoast_head":"<!-- This site is optimized with the Yoast SEO plugin v24.4 - https:\/\/yoast.com\/wordpress\/plugins\/seo\/ -->\n<title>\u0414\u0440\u0443\u0433\u0438\u0435 \u043e \u043d\u0430\u0441 - Humana Estonia<\/title>\n<meta name=\"robots\" content=\"index, follow, max-snippet:-1, max-image-preview:large, max-video-preview:-1\" \/>\n<link rel=\"canonical\" href=\"https:\/\/humanae.ee\/ru\/\u043e-\u043d\u0430\u0441\/\u0434\u0440\u0443\u0433\u0438\u0435-\u043e-\u043d\u0430\u0441\/\" \/>\n<meta property=\"og:locale\" content=\"ru_RU\" \/>\n<meta property=\"og:type\" content=\"article\" \/>\n<meta property=\"og:title\" content=\"\u0414\u0440\u0443\u0433\u0438\u0435 \u043e \u043d\u0430\u0441 - Humana Estonia\" \/>\n<meta property=\"og:description\" content=\"Delfi Roheportaal tutvustab uusi riidekonteinereid Delfi 31.03 Tallinna J\u00e4\u00e4tmekeskus paigutab linna uued kasutusk\u00f5lblike riiete konteinerid tallinn.ee 23.03 Teise ringi kauplused...\" \/>\n<meta property=\"og:url\" content=\"https:\/\/humanae.ee\/ru\/\u043e-\u043d\u0430\u0441\/\u0434\u0440\u0443\u0433\u0438\u0435-\u043e-\u043d\u0430\u0441\/\" \/>\n<meta property=\"og:site_name\" content=\"Humana Estonia\" \/>\n<meta property=\"article:modified_time\" content=\"2023-04-05T06:12:12+00:00\" \/>\n<meta property=\"og:image\" content=\"https:\/\/humanae.ee\/wp-content\/uploads\/2022\/06\/tunnus-3.jpg\" \/>\n\t<meta property=\"og:image:width\" content=\"1200\" \/>\n\t<meta property=\"og:image:height\" content=\"800\" \/>\n\t<meta property=\"og:image:type\" content=\"image\/jpeg\" \/>\n<meta name=\"twitter:card\" content=\"summary_large_image\" \/>\n<meta name=\"twitter:label1\" content=\"\u041f\u0440\u0438\u043c\u0435\u0440\u043d\u043e\u0435 \u0432\u0440\u0435\u043c\u044f \u0434\u043b\u044f \u0447\u0442\u0435\u043d\u0438\u044f\" \/>\n\t<meta name=\"twitter:data1\" content=\"1 \u043c\u0438\u043d\u0443\u0442\u0430\" \/>\n<script type=\"application\/ld+json\" class=\"yoast-schema-graph\">{\"@context\":\"https:\/\/schema.org\",\"@graph\":[{\"@type\":\"WebPage\",\"@id\":\"https:\/\/humanae.ee\/ru\/%d0%be-%d0%bd%d0%b0%d1%81\/%d0%b4%d1%80%d1%83%d0%b3%d0%b8%d0%b5-%d0%be-%d0%bd%d0%b0%d1%81\/\",\"url\":\"https:\/\/humanae.ee\/ru\/%d0%be-%d0%bd%d0%b0%d1%81\/%d0%b4%d1%80%d1%83%d0%b3%d0%b8%d0%b5-%d0%be-%d0%bd%d0%b0%d1%81\/\",\"name\":\"\u0414\u0440\u0443\u0433\u0438\u0435 \u043e \u043d\u0430\u0441 - Humana Estonia\",\"isPartOf\":{\"@id\":\"https:\/\/humanae.ee\/#website\"},\"primaryImageOfPage\":{\"@id\":\"https:\/\/humanae.ee\/ru\/%d0%be-%d0%bd%d0%b0%d1%81\/%d0%b4%d1%80%d1%83%d0%b3%d0%b8%d0%b5-%d0%be-%d0%bd%d0%b0%d1%81\/#primaryimage\"},\"image\":{\"@id\":\"https:\/\/humanae.ee\/ru\/%d0%be-%d0%bd%d0%b0%d1%81\/%d0%b4%d1%80%d1%83%d0%b3%d0%b8%d0%b5-%d0%be-%d0%bd%d0%b0%d1%81\/#primaryimage\"},\"thumbnailUrl\":\"https:\/\/humanae.ee\/wp-content\/uploads\/2022\/06\/tunnus-3.jpg\",\"datePublished\":\"2020-12-03T09:18:54+00:00\",\"dateModified\":\"2023-04-05T06:12:12+00:00\",\"breadcrumb\":{\"@id\":\"https:\/\/humanae.ee\/ru\/%d0%be-%d0%bd%d0%b0%d1%81\/%d0%b4%d1%80%d1%83%d0%b3%d0%b8%d0%b5-%d0%be-%d0%bd%d0%b0%d1%81\/#breadcrumb\"},\"inLanguage\":\"ru-RU\",\"potentialAction\":[{\"@type\":\"ReadAction\",\"target\":[\"https:\/\/humanae.ee\/ru\/%d0%be-%d0%bd%d0%b0%d1%81\/%d0%b4%d1%80%d1%83%d0%b3%d0%b8%d0%b5-%d0%be-%d0%bd%d0%b0%d1%81\/\"]}]},{\"@type\":\"ImageObject\",\"inLanguage\":\"ru-RU\",\"@id\":\"https:\/\/humanae.ee\/ru\/%d0%be-%d0%bd%d0%b0%d1%81\/%d0%b4%d1%80%d1%83%d0%b3%d0%b8%d0%b5-%d0%be-%d0%bd%d0%b0%d1%81\/#primaryimage\",\"url\":\"https:\/\/humanae.ee\/wp-content\/uploads\/2022\/06\/tunnus-3.jpg\",\"contentUrl\":\"https:\/\/humanae.ee\/wp-content\/uploads\/2022\/06\/tunnus-3.jpg\",\"width\":1200,\"height\":800,\"caption\":\"T\u00fcdruk tetrisega\"},{\"@type\":\"BreadcrumbList\",\"@id\":\"https:\/\/humanae.ee\/ru\/%d0%be-%d0%bd%d0%b0%d1%81\/%d0%b4%d1%80%d1%83%d0%b3%d0%b8%d0%b5-%d0%be-%d0%bd%d0%b0%d1%81\/#breadcrumb\",\"itemListElement\":[{\"@type\":\"ListItem\",\"position\":1,\"name\":\"Home\",\"item\":\"https:\/\/humanae.ee\/ru\/\"},{\"@type\":\"ListItem\",\"position\":2,\"name\":\"\u041e \u043d\u0430\u0441\",\"item\":\"https:\/\/humanae.ee\/ru\/%d0%be-%d0%bd%d0%b0%d1%81\/\"},{\"@type\":\"ListItem\",\"position\":3,\"name\":\"\u0414\u0440\u0443\u0433\u0438\u0435 \u043e \u043d\u0430\u0441\"}]},{\"@type\":\"WebSite\",\"@id\":\"https:\/\/humanae.ee\/#website\",\"url\":\"https:\/\/humanae.ee\/\",\"name\":\"Humana Estonia\",\"description\":\"S\u00e4\u00e4stad raha, s\u00e4\u00e4stad loodust, oled isikup\u00e4rane\",\"potentialAction\":[{\"@type\":\"SearchAction\",\"target\":{\"@type\":\"EntryPoint\",\"urlTemplate\":\"https:\/\/humanae.ee\/?s={search_term_string}\"},\"query-input\":{\"@type\":\"PropertyValueSpecification\",\"valueRequired\":true,\"valueName\":\"search_term_string\"}}],\"inLanguage\":\"ru-RU\"}]}<\/script>\n<!-- \/ Yoast SEO plugin. -->","yoast_head_json":{"title":"\u0414\u0440\u0443\u0433\u0438\u0435 \u043e \u043d\u0430\u0441 - Humana Estonia","robots":{"index":"index","follow":"follow","max-snippet":"max-snippet:-1","max-image-preview":"max-image-preview:large","max-video-preview":"max-video-preview:-1"},"canonical":"https:\/\/humanae.ee\/ru\/\u043e-\u043d\u0430\u0441\/\u0434\u0440\u0443\u0433\u0438\u0435-\u043e-\u043d\u0430\u0441\/","og_locale":"ru_RU","og_type":"article","og_title":"\u0414\u0440\u0443\u0433\u0438\u0435 \u043e \u043d\u0430\u0441 - Humana Estonia","og_description":"Delfi Roheportaal tutvustab uusi riidekonteinereid Delfi 31.03 Tallinna J\u00e4\u00e4tmekeskus paigutab linna uued kasutusk\u00f5lblike riiete konteinerid tallinn.ee 23.03 Teise ringi kauplused...","og_url":"https:\/\/humanae.ee\/ru\/\u043e-\u043d\u0430\u0441\/\u0434\u0440\u0443\u0433\u0438\u0435-\u043e-\u043d\u0430\u0441\/","og_site_name":"Humana Estonia","article_modified_time":"2023-04-05T06:12:12+00:00","og_image":[{"width":1200,"height":800,"url":"https:\/\/humanae.ee\/wp-content\/uploads\/2022\/06\/tunnus-3.jpg","type":"image\/jpeg"}],"twitter_card":"summary_large_image","twitter_misc":{"\u041f\u0440\u0438\u043c\u0435\u0440\u043d\u043e\u0435 \u0432\u0440\u0435\u043c\u044f \u0434\u043b\u044f \u0447\u0442\u0435\u043d\u0438\u044f":"1 \u043c\u0438\u043d\u0443\u0442\u0430"},"schema":{"@context":"https:\/\/schema.org","@graph":[{"@type":"WebPage","@id":"https:\/\/humanae.ee\/ru\/%d0%be-%d0%bd%d0%b0%d1%81\/%d0%b4%d1%80%d1%83%d0%b3%d0%b8%d0%b5-%d0%be-%d0%bd%d0%b0%d1%81\/","url":"https:\/\/humanae.ee\/ru\/%d0%be-%d0%bd%d0%b0%d1%81\/%d0%b4%d1%80%d1%83%d0%b3%d0%b8%d0%b5-%d0%be-%d0%bd%d0%b0%d1%81\/","name":"\u0414\u0440\u0443\u0433\u0438\u0435 \u043e \u043d\u0430\u0441 - Humana Estonia","isPartOf":{"@id":"https:\/\/humanae.ee\/#website"},"primaryImageOfPage":{"@id":"https:\/\/humanae.ee\/ru\/%d0%be-%d0%bd%d0%b0%d1%81\/%d0%b4%d1%80%d1%83%d0%b3%d0%b8%d0%b5-%d0%be-%d0%bd%d0%b0%d1%81\/#primaryimage"},"image":{"@id":"https:\/\/humanae.ee\/ru\/%d0%be-%d0%bd%d0%b0%d1%81\/%d0%b4%d1%80%d1%83%d0%b3%d0%b8%d0%b5-%d0%be-%d0%bd%d0%b0%d1%81\/#primaryimage"},"thumbnailUrl":"https:\/\/humanae.ee\/wp-content\/uploads\/2022\/06\/tunnus-3.jpg","datePublished":"2020-12-03T09:18:54+00:00","dateModified":"2023-04-05T06:12:12+00:00","breadcrumb":{"@id":"https:\/\/humanae.ee\/ru\/%d0%be-%d0%bd%d0%b0%d1%81\/%d0%b4%d1%80%d1%83%d0%b3%d0%b8%d0%b5-%d0%be-%d0%bd%d0%b0%d1%81\/#breadcrumb"},"inLanguage":"ru-RU","potentialAction":[{"@type":"ReadAction","target":["https:\/\/humanae.ee\/ru\/%d0%be-%d0%bd%d0%b0%d1%81\/%d0%b4%d1%80%d1%83%d0%b3%d0%b8%d0%b5-%d0%be-%d0%bd%d0%b0%d1%81\/"]}]},{"@type":"ImageObject","inLanguage":"ru-RU","@id":"https:\/\/humanae.ee\/ru\/%d0%be-%d0%bd%d0%b0%d1%81\/%d0%b4%d1%80%d1%83%d0%b3%d0%b8%d0%b5-%d0%be-%d0%bd%d0%b0%d1%81\/#primaryimage","url":"https:\/\/humanae.ee\/wp-content\/uploads\/2022\/06\/tunnus-3.jpg","contentUrl":"https:\/\/humanae.ee\/wp-content\/uploads\/2022\/06\/tunnus-3.jpg","width":1200,"height":800,"caption":"T\u00fcdruk tetrisega"},{"@type":"BreadcrumbList","@id":"https:\/\/humanae.ee\/ru\/%d0%be-%d0%bd%d0%b0%d1%81\/%d0%b4%d1%80%d1%83%d0%b3%d0%b8%d0%b5-%d0%be-%d0%bd%d0%b0%d1%81\/#breadcrumb","itemListElement":[{"@type":"ListItem","position":1,"name":"Home","item":"https:\/\/humanae.ee\/ru\/"},{"@type":"ListItem","position":2,"name":"\u041e \u043d\u0430\u0441","item":"https:\/\/humanae.ee\/ru\/%d0%be-%d0%bd%d0%b0%d1%81\/"},{"@type":"ListItem","position":3,"name":"\u0414\u0440\u0443\u0433\u0438\u0435 \u043e \u043d\u0430\u0441"}]},{"@type":"WebSite","@id":"https:\/\/humanae.ee\/#website","url":"https:\/\/humanae.ee\/","name":"Humana Estonia","description":"S\u00e4\u00e4stad raha, s\u00e4\u00e4stad loodust, oled isikup\u00e4rane","potentialAction":[{"@type":"SearchAction","target":{"@type":"EntryPoint","urlTemplate":"https:\/\/humanae.ee\/?s={search_term_string}"},"query-input":{"@type":"PropertyValueSpecification","valueRequired":true,"valueName":"search_term_string"}}],"inLanguage":"ru-RU"}]}},"jetpack_sharing_enabled":true,"_links":{"self":[{"href":"https:\/\/humanae.ee\/ru\/wp-json\/wp\/v2\/pages\/373","targetHints":{"allow":["GET"]}}],"collection":[{"href":"https:\/\/humanae.ee\/ru\/wp-json\/wp\/v2\/pages"}],"about":[{"href":"https:\/\/humanae.ee\/ru\/wp-json\/wp\/v2\/types\/page"}],"author":[{"embeddable":true,"href":"https:\/\/humanae.ee\/ru\/wp-json\/wp\/v2\/users\/1"}],"replies":[{"embeddable":true,"href":"https:\/\/humanae.ee\/ru\/wp-json\/wp\/v2\/comments?post=373"}],"version-history":[{"count":9,"href":"https:\/\/humanae.ee\/ru\/wp-json\/wp\/v2\/pages\/373\/revisions"}],"predecessor-version":[{"id":5032,"href":"https:\/\/humanae.ee\/ru\/wp-json\/wp\/v2\/pages\/373\/revisions\/5032"}],"up":[{"embeddable":true,"href":"https:\/\/humanae.ee\/ru\/wp-json\/wp\/v2\/pages\/387"}],"wp:featuredmedia":[{"embeddable":true,"href":"https:\/\/humanae.ee\/ru\/wp-json\/wp\/v2\/media\/3202"}],"wp:attachment":[{"href":"https:\/\/humanae.ee\/ru\/wp-json\/wp\/v2\/media?parent=373"}],"curies":[{"name":"wp","href":"https:\/\/api.w.org\/{rel}","templated":true}]}}