{"id":388,"date":"2020-12-01T10:35:54","date_gmt":"2020-12-01T08:35:54","guid":{"rendered":"https:\/\/humanae.ee\/avaleht\/"},"modified":"2026-04-06T09:41:52","modified_gmt":"2026-04-06T06:41:52","slug":"avaleht","status":"publish","type":"page","link":"https:\/\/humanae.ee\/en\/","title":{"rendered":"Home"},"content":{"rendered":"","protected":false},"excerpt":{"rendered":"","protected":false},"author":1,"featured_media":3952,"parent":0,"menu_order":0,"comment_status":"closed","ping_status":"closed","template":"","meta":{"_acf_changed":false,"inline_featured_image":false,"footnotes":""},"class_list":["post-388","page","type-page","status-publish","has-post-thumbnail","hentry"],"acf":[],"yoast_head":"<!-- This site is optimized with the Yoast SEO plugin v24.4 - https:\/\/yoast.com\/wordpress\/plugins\/seo\/ -->\n<title>Home - Humana Estonia<\/title>\n<meta name=\"description\" content=\"Humana - providing clothes and textile circularity in Estonia. Collection containers, 23 second hand shops in 11 towns, sorting centre.\" \/>\n<meta name=\"robots\" content=\"index, follow, max-snippet:-1, max-image-preview:large, max-video-preview:-1\" \/>\n<link rel=\"canonical\" href=\"https:\/\/humanae.ee\/en\/\" \/>\n<meta property=\"og:locale\" content=\"en_US\" \/>\n<meta property=\"og:type\" content=\"article\" \/>\n<meta property=\"og:title\" content=\"Home - Humana Estonia\" \/>\n<meta property=\"og:description\" content=\"Humana - providing clothes and textile circularity in Estonia. Collection containers, 23 second hand shops in 11 towns, sorting centre.\" \/>\n<meta property=\"og:url\" content=\"https:\/\/humanae.ee\/en\/\" \/>\n<meta property=\"og:site_name\" content=\"Humana Estonia\" \/>\n<meta property=\"article:modified_time\" content=\"2026-04-06T06:41:52+00:00\" \/>\n<meta property=\"og:image\" content=\"https:\/\/humanae.ee\/wp-content\/uploads\/2022\/12\/tunnuspilt-esileht.jpg\" \/>\n\t<meta property=\"og:image:width\" content=\"1200\" \/>\n\t<meta property=\"og:image:height\" content=\"800\" \/>\n\t<meta property=\"og:image:type\" content=\"image\/jpeg\" \/>\n<meta name=\"twitter:card\" content=\"summary_large_image\" \/>\n<meta name=\"twitter:label1\" content=\"Est. reading time\" \/>\n\t<meta name=\"twitter:data1\" content=\"1 minute\" \/>\n<script type=\"application\/ld+json\" class=\"yoast-schema-graph\">{\"@context\":\"https:\/\/schema.org\",\"@graph\":[{\"@type\":\"WebPage\",\"@id\":\"https:\/\/humanae.ee\/en\/\",\"url\":\"https:\/\/humanae.ee\/en\/\",\"name\":\"Home - Humana Estonia\",\"isPartOf\":{\"@id\":\"https:\/\/humanae.ee\/#website\"},\"primaryImageOfPage\":{\"@id\":\"https:\/\/humanae.ee\/en\/#primaryimage\"},\"image\":{\"@id\":\"https:\/\/humanae.ee\/en\/#primaryimage\"},\"thumbnailUrl\":\"https:\/\/humanae.ee\/wp-content\/uploads\/2022\/12\/tunnuspilt-esileht.jpg\",\"datePublished\":\"2020-12-01T08:35:54+00:00\",\"dateModified\":\"2026-04-06T06:41:52+00:00\",\"description\":\"Humana - providing clothes and textile circularity in Estonia. Collection containers, 23 second hand shops in 11 towns, sorting centre.\",\"breadcrumb\":{\"@id\":\"https:\/\/humanae.ee\/en\/#breadcrumb\"},\"inLanguage\":\"en-US\",\"potentialAction\":[{\"@type\":\"ReadAction\",\"target\":[\"https:\/\/humanae.ee\/en\/\"]}]},{\"@type\":\"ImageObject\",\"inLanguage\":\"en-US\",\"@id\":\"https:\/\/humanae.ee\/en\/#primaryimage\",\"url\":\"https:\/\/humanae.ee\/wp-content\/uploads\/2022\/12\/tunnuspilt-esileht.jpg\",\"contentUrl\":\"https:\/\/humanae.ee\/wp-content\/uploads\/2022\/12\/tunnuspilt-esileht.jpg\",\"width\":1200,\"height\":800},{\"@type\":\"BreadcrumbList\",\"@id\":\"https:\/\/humanae.ee\/en\/#breadcrumb\",\"itemListElement\":[{\"@type\":\"ListItem\",\"position\":1,\"name\":\"Home\",\"item\":\"https:\/\/humanae.ee\/en\/\"},{\"@type\":\"ListItem\",\"position\":2,\"name\":\"Home\"}]},{\"@type\":\"WebSite\",\"@id\":\"https:\/\/humanae.ee\/#website\",\"url\":\"https:\/\/humanae.ee\/\",\"name\":\"Humana Estonia\",\"description\":\"S\u00e4\u00e4stad raha, s\u00e4\u00e4stad loodust, oled isikup\u00e4rane\",\"potentialAction\":[{\"@type\":\"SearchAction\",\"target\":{\"@type\":\"EntryPoint\",\"urlTemplate\":\"https:\/\/humanae.ee\/?s={search_term_string}\"},\"query-input\":{\"@type\":\"PropertyValueSpecification\",\"valueRequired\":true,\"valueName\":\"search_term_string\"}}],\"inLanguage\":\"en-US\"}]}<\/script>\n<!-- \/ Yoast SEO plugin. -->","yoast_head_json":{"title":"Home - Humana Estonia","description":"Humana - providing clothes and textile circularity in Estonia. Collection containers, 23 second hand shops in 11 towns, sorting centre.","robots":{"index":"index","follow":"follow","max-snippet":"max-snippet:-1","max-image-preview":"max-image-preview:large","max-video-preview":"max-video-preview:-1"},"canonical":"https:\/\/humanae.ee\/en\/","og_locale":"en_US","og_type":"article","og_title":"Home - Humana Estonia","og_description":"Humana - providing clothes and textile circularity in Estonia. Collection containers, 23 second hand shops in 11 towns, sorting centre.","og_url":"https:\/\/humanae.ee\/en\/","og_site_name":"Humana Estonia","article_modified_time":"2026-04-06T06:41:52+00:00","og_image":[{"width":1200,"height":800,"url":"https:\/\/humanae.ee\/wp-content\/uploads\/2022\/12\/tunnuspilt-esileht.jpg","type":"image\/jpeg"}],"twitter_card":"summary_large_image","twitter_misc":{"Est. reading time":"1 minute"},"schema":{"@context":"https:\/\/schema.org","@graph":[{"@type":"WebPage","@id":"https:\/\/humanae.ee\/en\/","url":"https:\/\/humanae.ee\/en\/","name":"Home - Humana Estonia","isPartOf":{"@id":"https:\/\/humanae.ee\/#website"},"primaryImageOfPage":{"@id":"https:\/\/humanae.ee\/en\/#primaryimage"},"image":{"@id":"https:\/\/humanae.ee\/en\/#primaryimage"},"thumbnailUrl":"https:\/\/humanae.ee\/wp-content\/uploads\/2022\/12\/tunnuspilt-esileht.jpg","datePublished":"2020-12-01T08:35:54+00:00","dateModified":"2026-04-06T06:41:52+00:00","description":"Humana - providing clothes and textile circularity in Estonia. Collection containers, 23 second hand shops in 11 towns, sorting centre.","breadcrumb":{"@id":"https:\/\/humanae.ee\/en\/#breadcrumb"},"inLanguage":"en-US","potentialAction":[{"@type":"ReadAction","target":["https:\/\/humanae.ee\/en\/"]}]},{"@type":"ImageObject","inLanguage":"en-US","@id":"https:\/\/humanae.ee\/en\/#primaryimage","url":"https:\/\/humanae.ee\/wp-content\/uploads\/2022\/12\/tunnuspilt-esileht.jpg","contentUrl":"https:\/\/humanae.ee\/wp-content\/uploads\/2022\/12\/tunnuspilt-esileht.jpg","width":1200,"height":800},{"@type":"BreadcrumbList","@id":"https:\/\/humanae.ee\/en\/#breadcrumb","itemListElement":[{"@type":"ListItem","position":1,"name":"Home","item":"https:\/\/humanae.ee\/en\/"},{"@type":"ListItem","position":2,"name":"Home"}]},{"@type":"WebSite","@id":"https:\/\/humanae.ee\/#website","url":"https:\/\/humanae.ee\/","name":"Humana Estonia","description":"S\u00e4\u00e4stad raha, s\u00e4\u00e4stad loodust, oled isikup\u00e4rane","potentialAction":[{"@type":"SearchAction","target":{"@type":"EntryPoint","urlTemplate":"https:\/\/humanae.ee\/?s={search_term_string}"},"query-input":{"@type":"PropertyValueSpecification","valueRequired":true,"valueName":"search_term_string"}}],"inLanguage":"en-US"}]}},"jetpack_sharing_enabled":true,"_links":{"self":[{"href":"https:\/\/humanae.ee\/en\/wp-json\/wp\/v2\/pages\/388","targetHints":{"allow":["GET"]}}],"collection":[{"href":"https:\/\/humanae.ee\/en\/wp-json\/wp\/v2\/pages"}],"about":[{"href":"https:\/\/humanae.ee\/en\/wp-json\/wp\/v2\/types\/page"}],"author":[{"embeddable":true,"href":"https:\/\/humanae.ee\/en\/wp-json\/wp\/v2\/users\/1"}],"replies":[{"embeddable":true,"href":"https:\/\/humanae.ee\/en\/wp-json\/wp\/v2\/comments?post=388"}],"version-history":[{"count":380,"href":"https:\/\/humanae.ee\/en\/wp-json\/wp\/v2\/pages\/388\/revisions"}],"predecessor-version":[{"id":15100,"href":"https:\/\/humanae.ee\/en\/wp-json\/wp\/v2\/pages\/388\/revisions\/15100"}],"wp:featuredmedia":[{"embeddable":true,"href":"https:\/\/humanae.ee\/en\/wp-json\/wp\/v2\/media\/3952"}],"wp:attachment":[{"href":"https:\/\/humanae.ee\/en\/wp-json\/wp\/v2\/media?parent=388"}],"curies":[{"name":"wp","href":"https:\/\/api.w.org\/{rel}","templated":true}]}}