{"id":384,"date":"2020-12-01T14:00:42","date_gmt":"2020-12-01T12:00:42","guid":{"rendered":"https:\/\/humanae.ee\/kauplused\/"},"modified":"2026-04-14T08:46:04","modified_gmt":"2026-04-14T05:46:04","slug":"shops","status":"publish","type":"page","link":"https:\/\/humanae.ee\/en\/shops\/","title":{"rendered":"Shops"},"content":{"rendered":"\n<h4 class=\"wp-block-heading has-text-align-center wp-el\">Opening hours and store information<\/h4>\n\n\n<div class=\"b-block pad-top-50 pad-bottom-50\"><div id=\"e69e495e4d7262\" class=\"b-part p-cols container\"><div class=\"p-cols__row row\"><div class=\"p-cols__col col editor-content p-cols__accordion\"><h3 class=\"p-cols__accordion-toggle h4\" data-target=\"#a69e495e4d7273\" data-parent=\"#e69e495e4d7262\">HUMANA shops<\/h3><div id=\"a69e495e4d7273\" class=\"p-cols__col-content p-cols__accordion-content\"><p><strong><a href=\"https:\/\/humanae.ee\/en\/news\/new-collection\/\"><span style=\"text-decoration: underline;\">New collection<\/span><\/a> every 5 weeks<\/strong><\/p>\n<h4>TALLINN<\/h4>\n<ul>\n<li><a href=\"https:\/\/www.google.com\/maps\/place\/J%C3%A4rve+Humana\/@59.3927224,24.7185779,17z\/data=!3m1!4b1!4m5!3m4!1s0x469294df69e10123:0x38f679087354b097!8m2!3d59.3927224!4d24.7207666\" target=\"_blank\" rel=\"noopener\"><strong>J\u00e4rve, P\u00e4rnu mnt 238<\/strong><\/a><br \/>\n58058812<br \/>\nMo-Sa 10-21, Su* 10-19. <span style=\"color: #ff0000;\">19.04 closed<\/span><br \/>\nAccess to J\u00e4rve Humana through Sportland and through Sinsay.<\/li>\n<li><a href=\"https:\/\/www.google.com\/maps\/place\/Humana\/@59.4345889,24.7539655,17z\/data=!4m12!1m6!3m5!1s0x46929360083eb321:0xe7e67006d98b1861!2sHumana!8m2!3d59.4345889!4d24.7561542!3m4!1s0x46929360083eb321:0xe7e67006d98b1861!8m2!3d59.4345889!4d24.7561542\" target=\"_blank\" rel=\"noopener\"><strong>Kaubamaja, Gonsiori 2<\/strong><\/a><br \/>\n54540333<br \/>\nMo-Fr 9-21, Sa-Su* 10-19, <a href=\"https:\/\/humanae.ee\/en\/news\/new-collection\/\">new collection Monday<\/a> 8-21. <span style=\"color: #ff0000;\">19.04 closed, 20.04 8-21<\/span><\/li>\n<li><a href=\"https:\/\/www.google.com\/maps\/place\/Magistrali+Humana\/@59.4013913,24.6949621,17z\/data=!3m1!4b1!4m6!3m5!1s0x4692952d4f78fcf7:0x18cb8b4402a414b!8m2!3d59.4013913!4d24.697537!16s%2Fg%2F11pxmbmjvc?entry=ttu\" target=\"_blank\" rel=\"noopener\"><strong>Magistrali, S\u00f5pruse pst 201<\/strong><\/a><br \/>\n5146687<br \/>\nMo-Sa 10-20, Su* 10-18. <span style=\"color: #ff0000;\">19.04 closed<\/span><\/li>\n<li><strong><a href=\"https:\/\/www.google.com\/maps\/place\/Humana\/@59.4376817,24.7651149,19z\/data=!4m12!1m5!3m4!2zNTnCsDI2JzE2LjAiTiAyNMKwNDUnNTQuMyJF!8m2!3d59.437786!4d24.7650827!3m5!1s0x4692935e6177ef75:0xf8224a2a8794150c!8m2!3d59.437732!4d24.765061!16s%2Fg%2F1pv0441bg\" target=\"_blank\" rel=\"noopener\">Narva mnt 13<\/a><\/strong><br \/>\n54540222<br \/>\nMo-Fr 9-19, Sa 10-18, Su* 10-17, <a href=\"https:\/\/humanae.ee\/en\/news\/new-collection\/\">new collection Monday<\/a> 8-19.\u00a0<span style=\"color: #ff0000;\">18.04 10-16, 19.04 closed, 20.04 8-19<\/span><\/li>\n<li><a href=\"https:\/\/www.google.com\/maps\/place\/Humana\/@59.4248036,24.7399479,17z\/data=!4m12!1m6!3m5!1s0x46929498252fc5c1:0xc4bdaa530a941d5d!2sHumana!8m2!3d59.4248036!4d24.7421366!3m4!1s0x46929498252fc5c1:0xc4bdaa530a941d5d!8m2!3d59.4248036!4d24.7421366\" target=\"_blank\" rel=\"noopener\"><strong>P\u00e4rnu mnt 66<\/strong><\/a><br \/>\n55636860<br \/>\nMo-Fr 9-19, Sa 10-18, Su* 10-17, <a href=\"https:\/\/humanae.ee\/en\/news\/new-collection\/\">new collection Monday<\/a> 8-19. <span style=\"color: #ff0000;\">18.04 10-16, 19.04 closed, 20.04 8-19<\/span><\/li>\n<li><a href=\"https:\/\/www.google.com\/maps\/place\/S%C3%B5pruse+Humana\/@59.3979941,24.679539,15z\/data=!4m2!3m1!1s0x0:0x9eca43a78c6bbca1?sa=X&amp;ved=2ahUKEwjCkObehYeDAxVmQVUIHYRkCWsQ_BJ6BAhOEAA\" target=\"_blank\" rel=\"noopener\"><strong>S\u00f5pruse pst 255<\/strong><\/a><br \/>\n5543690<br \/>\nMo-Fr 10-20, Sa 10-18, Su* 10-17, <a href=\"https:\/\/humanae.ee\/en\/news\/new-collection\/\">new collection Monday<\/a> 8-20. <span style=\"color: #ff0000;\">18.04 10-16, 19.04 closed, 20.04 8-20<\/span><\/li>\n<li><a href=\"https:\/\/www.google.com\/maps\/place\/Vikerlase+Humana\/@59.439351,24.841751,17z\/data=!3m1!4b1!4m5!3m4!1s0x4692ecbf4382b26d:0xba7adccbf22b4ef1!8m2!3d59.439351!4d24.8439397\" target=\"_blank\" rel=\"noopener\"><strong>Vikerlase 19<\/strong><\/a><br \/>\n55612372<br \/>\nMo-Fr 9-20, Sa-Su* 10-18, <a href=\"https:\/\/humanae.ee\/en\/news\/new-collection\/\">new collection Monday<\/a> 8-20. <span style=\"color: #ff0000;\">19.04 closed, 20.04 8-20<\/span><\/li>\n<li><a href=\"https:\/\/www.google.com\/maps\/place\/%C3%95ism%C3%A4e+Humana\/@59.4118406,24.6354725,17z\/data=!4m12!1m6!3m5!1s0x46929435a1f5f7fb:0x6d67b53fb1d9e513!2zw5Vpc23DpGUgSHVtYW5h!8m2!3d59.4118406!4d24.6376612!3m4!1s0x46929435a1f5f7fb:0x6d67b53fb1d9e513!8m2!3d59.4118406!4d24.6376612\" target=\"_blank\" rel=\"noopener\"><strong>\u00d5ism\u00e4e tee 107<\/strong><\/a><br \/>\n54555577<br \/>\nMo-Fr 9-19, Sa 9-18, Su* 9-17, <a href=\"https:\/\/humanae.ee\/en\/news\/new-collection\/\">new collection Monday<\/a> 9-20. <span style=\"color: #ff0000;\">19.04 closed, 20.04 9-20<\/span><\/li>\n<\/ul>\n<p><strong>TARTU<\/strong><\/p>\n<ul>\n<li><strong><a href=\"https:\/\/www.google.com\/maps\/place\/Humana\/@58.376184,26.7114375,16z\/data=!4m8!1m2!2m1!1skompanii+humana+tartu!3m4!1s0x0:0xa1068cb246baab5e!8m2!3d58.3761513!4d26.7117199\" target=\"_blank\" rel=\"noopener\">Kuperjanovi 20<\/a><\/strong><br \/>\n5539237<br \/>\nMo-Fr 10-19 Sa-Su* 10-17, <a href=\"https:\/\/humanae.ee\/en\/news\/new-collection\/\">new collection Monday<\/a> 8-20. <span style=\"color: #ff0000;\">18.04 10-16, 19.04 closed, 20.04 8-20<\/span><\/li>\n<\/ul>\n<p><strong>P\u00c4RNU<\/strong><\/p>\n<ul>\n<li><a href=\"https:\/\/www.google.com\/maps\/place\/Port+Arturi+Humana\/@58.3866595,24.5011439,17z\/data=!4m12!1m6!3m5!1s0x46ecfdedc17a44a3:0xc5d6ab63839819e7!2sPort+Arturi+Humana!8m2!3d58.3866595!4d24.5033326!3m4!1s0x46ecfdedc17a44a3:0xc5d6ab63839819e7!8m2!3d58.3866595!4d24.5033326\" target=\"_blank\" rel=\"noopener\"><strong>Port Artur 1, Hommiku 2<\/strong><\/a><br \/>\n55608454<br \/>\nMo-Sa 10-20, Su* 10-18, <a href=\"https:\/\/humanae.ee\/en\/news\/new-collection\/\">new collection Monday<\/a> 9-20. <span style=\"color: #ff0000;\">19.04 closed, 20.04 9-20<\/span><\/li>\n<\/ul>\n<p>* On Sundays before the<span style=\"text-decoration: underline;\"> <a href=\"https:\/\/humanae.ee\/en\/news\/new-collection\/\">new collection days<\/a> <\/span>the shops are closed for full collection change. Upcoming <span style=\"text-decoration: underline;\"><a href=\"https:\/\/humanae.ee\/en\/news\/new-collection\/\">new collection Mondays<\/a><\/span> 20.04, 1.06<\/p>\n<\/div><\/div><div class=\"p-cols__col col editor-content p-cols__accordion\"><h3 class=\"p-cols__accordion-toggle h4\" data-target=\"#a69e495e4d7284\" data-parent=\"#e69e495e4d7262\">HUMANA 2 shops<\/h3><div id=\"a69e495e4d7284\" class=\"p-cols__col-content p-cols__accordion-content\"><p><strong><a href=\"https:\/\/humanae.ee\/en\/news\/new-collection\/\"><span style=\"text-decoration: underline;\">New collection<\/span><\/a> every 2 weeks<\/strong><\/p>\n<p>&nbsp;<\/p>\n<ul>\n<li><a href=\"https:\/\/www.google.com\/maps\/place\/Rakvere+Humana\/@59.3486538,26.3640704,15z\/data=!4m2!3m1!1s0x0:0xeb8e9e01af8a548c?sa=X&amp;ved=2ahUKEwiozruzhYeDAxV7ExAIHUk-ByUQ_BJ6BAhMEAA\" target=\"_blank\" rel=\"noopener\"><strong>RAKVERE, F. G. Adoffi 11, Kroonikeskus<\/strong><\/a><br \/>\n5032063<br \/>\nMo-Fr 9-19, Sa 10-17, Su* 10-16. <span style=\"color: #ff0000;\">26.04 closed<\/span><\/li>\n<li><a href=\"https:\/\/www.google.com\/maps\/place\/Haapsalu+Humana\/@58.9357199,23.5692151,17z\/data=!4m12!1m6!3m5!1s0x46ed587f88766435:0x3f19000d0f89e37a!2sHaapsalu+Humana!8m2!3d58.9357199!4d23.5714038!3m4!1s0x46ed587f88766435:0x3f19000d0f89e37a!8m2!3d58.9357199!4d23.5714038\" target=\"_blank\" rel=\"noopener\"><strong>HAAPSALU, Rannarootsi tee 1, Rannarootsi keskus<\/strong><\/a><br \/>\n53481091<br \/>\nMo-Fr 10-20, Sa-Su* 10-18, <a href=\"https:\/\/humanae.ee\/en\/news\/new-collection\/\">new collection Monday<\/a> 8-20.<span style=\"color: #ff0000;\"> 26.04 closed, 27.04 8-20<\/span><\/li>\n<li><a href=\"https:\/\/www.google.com\/maps\/place\/Papiniidu+Humana\/@58.3709301,24.5470757,15z\/data=!4m2!3m1!1s0x0:0x17b195c1490e3311?sa=X&amp;ved=2ahUKEwi0l4_BhYeDAxVJFxAIHanSA08Q_BJ6BAhPEAA\" target=\"_blank\" rel=\"noopener\"><strong>P\u00c4RNU, Riia mnt 106a, Papiniidu keskus<\/strong><\/a><br \/>\n55671419<br \/>\nMo-Fr 9-19, Sa-Su* 10-17, <a href=\"https:\/\/humanae.ee\/en\/news\/new-collection\/\">new collection Monday<\/a> 8-19.<span style=\"color: #ff0000;\"> 26.04 closed, 27.04 8-19<\/span><\/li>\n<li><a href=\"https:\/\/www.google.com\/maps\/place\/Kuressaare+Humana\/@58.2531735,22.4823855,17z\/data=!4m12!1m6!3m5!1s0x46f26d8b373c898d:0xb3e5d44893ea2732!2sKuressaare+Humana!8m2!3d58.2531735!4d22.4845742!3m4!1s0x46f26d8b373c898d:0xb3e5d44893ea2732!8m2!3d58.2531735!4d22.4845742\" target=\"_blank\" rel=\"noopener\"><strong>KURESSAARE, Tallinna t\u00e4nav 1<\/strong><\/a><br \/>\n5114446<br \/>\nMo-Fr 9-19, Sa 9-17, Su* 10-16, <a href=\"https:\/\/humanae.ee\/en\/news\/new-collection\/\">new collection Monday<\/a> 8-19.<span style=\"color: #ff0000;\"> 26.04 closed, 27.04 8-19<\/span><\/li>\n<li><a href=\"https:\/\/www.google.com\/maps\/place\/Humana\/@58.3527939,25.5816469,17z\/data=!4m12!1m6!3m5!1s0x46ec98ed59c9a367:0x25f81aaf50dd8d41!2sHumana!8m2!3d58.3527939!4d25.5838356!3m4!1s0x46ec98ed59c9a367:0x25f81aaf50dd8d41!8m2!3d58.3527939!4d25.5838356\" target=\"_blank\" rel=\"noopener\"><strong>VILJANDI, Riia mnt 35<\/strong><\/a><br \/>\n53099781<br \/>\nMo-Fr 9-20, Sa 9-18, Su* 10-18. <span style=\"color: #ff0000;\">26.04 closed<\/span><\/li>\n<li><a href=\"https:\/\/www.google.com\/maps\/place\/Valga+Humana\/@57.7776771,26.0260447,17z\/data=!4m12!1m6!3m5!1s0x46eba3ce7d76c63b:0x900dea9d0df0cbd8!2sValga+Humana!8m2!3d57.7776771!4d26.0282334!3m4!1s0x46eba3ce7d76c63b:0x900dea9d0df0cbd8!8m2!3d57.7776771!4d26.0282334\" target=\"_blank\" rel=\"noopener\"><strong>VALGA, Riia t\u00e4nav 18<\/strong><\/a><br \/>\n58545630<br \/>\nMo-Fr 9-19, Sa 9-17, Su* 10-17,<span style=\"color: #ff0000;\">\u00a0<\/span><a href=\"https:\/\/humanae.ee\/en\/news\/new-collection\/\">new collection Monday<\/a> 8-19.<span style=\"color: #ff0000;\"> 26.04 closed, 27.04 8-19<\/span><\/li>\n<li><a href=\"https:\/\/www.google.com\/maps\/place\/Humana\/@57.8460077,27.0063144,17z\/data=!4m12!1m6!3m5!1s0x46eafbcf1128fa9d:0xb6ce66944ad580a2!2sHumana!8m2!3d57.8460077!4d27.0085031!3m4!1s0x46eafbcf1128fa9d:0xb6ce66944ad580a2!8m2!3d57.8460077!4d27.0085031\" target=\"_blank\" rel=\"noopener\"><strong>V\u00d5RU, Kooli 6, Kagukeskus<\/strong><\/a><br \/>\n59123366<br \/>\nMo-Fr 10-19, Sa 10-18, Su* 10-16,<span style=\"color: #ff0000;\">\u00a0<\/span><a href=\"https:\/\/humanae.ee\/en\/news\/new-collection\/\">new collection Monday<\/a> 9-19.<span style=\"color: #ff0000;\"> 26.04 closed, 27.04 9-19<\/span><\/li>\n<\/ul>\n<p>* On Sundays before the <a href=\"https:\/\/humanae.ee\/en\/news\/new-collection\/\"><span style=\"text-decoration: underline;\">new collection days<\/span><\/a> Humana 2 shops are closed for full collection change. Next <span style=\"text-decoration: underline;\"><a href=\"https:\/\/humanae.ee\/en\/news\/new-collection\/\">new collection Mondays<\/a><\/span> 27.04, 11.05, 25.05<\/p>\n<\/div><\/div><div class=\"p-cols__col col editor-content p-cols__col--w-25 p-cols__accordion\"><h3 class=\"p-cols__accordion-toggle h4\" data-target=\"#a69e495e4d7295\" data-parent=\"#e69e495e4d7262\">HUMANA vintage<\/h3><div id=\"a69e495e4d7295\" class=\"p-cols__col-content p-cols__accordion-content\"><p><strong>Retro and vintage fashion<\/strong><\/p>\n<p>&nbsp;<\/p>\n<ul>\n<li><a href=\"https:\/\/www.google.com\/maps\/place\/Aia+vintage+Humana\/@59.4380995,24.7484553,17z\/data=!4m14!1m7!3m6!1s0x469293847ce155c9:0xea876065eb5ed87d!2sAia+vintage+Humana!8m2!3d59.4380995!4d24.7510302!16s%2Fg%2F11vjnv80sq!3m5!1s0x469293847ce155c9:0xea876065eb5ed87d!8m2!3d59.4380995!4d24.7510302!16s%2Fg%2F11vjnv80sq?entry=ttu\" target=\"_blank\" rel=\"noopener\"><strong>Aia 7, Tallinn<\/strong><\/a><br \/>\n58181852<br \/>\nMo-Fr 10-19, Sa-Su* 10-17, <a href=\"https:\/\/humanae.ee\/en\/news\/new-collection\/\">new collection Monday<\/a> 8-19. <span style=\"color: #ff0000;\">19.04 closed, 20.04 8-19<\/span><\/li>\n<li><a href=\"https:\/\/www.google.com\/maps\/place\/Vintage+Humana\/@59.4325997,24.7630957,17z\/data=!4m14!1m7!3m6!1s0x4692be2ad1f9f14b:0xf12c6887744e87b7!2sHumana!8m2!3d59.358479!4d24.6298113!16s%2Fg%2F1ptvxsv6b!3m5!1s0x4692935f44494c55:0xf80bf66f04cc85b7!8m2!3d59.4329485!4d24.7643179!16s%2Fg%2F11c1p7qtqc?entry=ttu\" target=\"_blank\" rel=\"noopener\"><strong>Tartu mnt 29, Tallinn<\/strong><\/a><br \/>\n58059204<br \/>\nMo-Fr 9-19, Sa-Su* 10-17, <a href=\"https:\/\/humanae.ee\/en\/news\/new-collection\/\">new collection Monday<\/a> 8-19. <span style=\"color: #ff0000;\">19.04 closed, 20.04 8-19<\/span><\/li>\n<li><a href=\"https:\/\/www.google.com\/maps\/place\/Humana\/@58.3785804,26.7134759,16z\/data=!4m8!1m2!2m1!1skompanii+humana+tartu!3m4!1s0x0:0x99abe8c2448cd424!8m2!3d58.3810101!4d26.723987\" target=\"_blank\" rel=\"noopener\"><strong>Kompanii 1c, Tartu<\/strong><\/a><br \/>\n55626634<br \/>\nMo-Fr 10-19 Sa-Su* 10-17, <a href=\"https:\/\/humanae.ee\/en\/news\/new-collection\/\">new collection Monday<\/a> 8-20. <span style=\"color: #ff0000;\">18.04 10-16, 19.04 closed, 20.04 8-20<\/span><\/li>\n<\/ul>\n<p>* On Sundays before the <a href=\"https:\/\/humanae.ee\/en\/news\/new-collection\/\"><span style=\"text-decoration: underline;\">new collection days<\/span><\/a> the shops are closed for full collection change. Upcoming <span style=\"text-decoration: underline;\"><a href=\"https:\/\/humanae.ee\/en\/news\/new-collection\/\">new collection Mondays<\/a><\/span> 20.04, 1.06<\/p>\n<\/div><\/div><\/div><\/div><\/div>","protected":false},"excerpt":{"rendered":"<p>Opening hours and store information<\/p>\n","protected":false},"author":1,"featured_media":10348,"parent":0,"menu_order":20,"comment_status":"closed","ping_status":"closed","template":"","meta":{"_acf_changed":false,"inline_featured_image":false,"footnotes":""},"class_list":["post-384","page","type-page","status-publish","has-post-thumbnail","hentry"],"acf":[],"yoast_head":"<!-- This site is optimized with the Yoast SEO plugin v24.4 - https:\/\/yoast.com\/wordpress\/plugins\/seo\/ -->\n<title>Shops - Humana Estonia<\/title>\n<meta name=\"description\" content=\"On this page you can find information, contacts and up to date opening hours of all Humana shops located in Estonia\" \/>\n<meta name=\"robots\" content=\"index, follow, max-snippet:-1, max-image-preview:large, max-video-preview:-1\" \/>\n<link rel=\"canonical\" href=\"https:\/\/humanae.ee\/en\/shops\/\" \/>\n<meta property=\"og:locale\" content=\"en_US\" \/>\n<meta property=\"og:type\" content=\"article\" \/>\n<meta property=\"og:title\" content=\"Shops - Humana Estonia\" \/>\n<meta property=\"og:description\" content=\"On this page you can find information, contacts and up to date opening hours of all Humana shops located in Estonia\" \/>\n<meta property=\"og:url\" content=\"https:\/\/humanae.ee\/en\/shops\/\" \/>\n<meta property=\"og:site_name\" content=\"Humana Estonia\" \/>\n<meta property=\"article:modified_time\" content=\"2026-04-14T05:46:04+00:00\" \/>\n<meta property=\"og:image\" content=\"https:\/\/humanae.ee\/wp-content\/uploads\/2024\/08\/Kauplused-tunnuspilt.jpg\" \/>\n\t<meta property=\"og:image:width\" content=\"1200\" \/>\n\t<meta property=\"og:image:height\" content=\"800\" \/>\n\t<meta property=\"og:image:type\" content=\"image\/jpeg\" \/>\n<meta name=\"twitter:card\" content=\"summary_large_image\" \/>\n<meta name=\"twitter:label1\" content=\"Est. reading time\" \/>\n\t<meta name=\"twitter:data1\" content=\"1 minute\" \/>\n<script type=\"application\/ld+json\" class=\"yoast-schema-graph\">{\"@context\":\"https:\/\/schema.org\",\"@graph\":[{\"@type\":\"WebPage\",\"@id\":\"https:\/\/humanae.ee\/en\/shops\/\",\"url\":\"https:\/\/humanae.ee\/en\/shops\/\",\"name\":\"Shops - Humana Estonia\",\"isPartOf\":{\"@id\":\"https:\/\/humanae.ee\/#website\"},\"primaryImageOfPage\":{\"@id\":\"https:\/\/humanae.ee\/en\/shops\/#primaryimage\"},\"image\":{\"@id\":\"https:\/\/humanae.ee\/en\/shops\/#primaryimage\"},\"thumbnailUrl\":\"https:\/\/humanae.ee\/wp-content\/uploads\/2024\/08\/Kauplused-tunnuspilt.jpg\",\"datePublished\":\"2020-12-01T12:00:42+00:00\",\"dateModified\":\"2026-04-14T05:46:04+00:00\",\"description\":\"On this page you can find information, contacts and up to date opening hours of all Humana shops located in Estonia\",\"breadcrumb\":{\"@id\":\"https:\/\/humanae.ee\/en\/shops\/#breadcrumb\"},\"inLanguage\":\"en-US\",\"potentialAction\":[{\"@type\":\"ReadAction\",\"target\":[\"https:\/\/humanae.ee\/en\/shops\/\"]}]},{\"@type\":\"ImageObject\",\"inLanguage\":\"en-US\",\"@id\":\"https:\/\/humanae.ee\/en\/shops\/#primaryimage\",\"url\":\"https:\/\/humanae.ee\/wp-content\/uploads\/2024\/08\/Kauplused-tunnuspilt.jpg\",\"contentUrl\":\"https:\/\/humanae.ee\/wp-content\/uploads\/2024\/08\/Kauplused-tunnuspilt.jpg\",\"width\":1200,\"height\":800,\"caption\":\"Kompanii vintage Humana m\u00fc\u00fcgisaal tekstiili ja k\u00e4ekottide v\u00e4ljapanekuga\"},{\"@type\":\"BreadcrumbList\",\"@id\":\"https:\/\/humanae.ee\/en\/shops\/#breadcrumb\",\"itemListElement\":[{\"@type\":\"ListItem\",\"position\":1,\"name\":\"Home\",\"item\":\"https:\/\/humanae.ee\/en\/\"},{\"@type\":\"ListItem\",\"position\":2,\"name\":\"Shops\"}]},{\"@type\":\"WebSite\",\"@id\":\"https:\/\/humanae.ee\/#website\",\"url\":\"https:\/\/humanae.ee\/\",\"name\":\"Humana Estonia\",\"description\":\"S\u00e4\u00e4stad raha, s\u00e4\u00e4stad loodust, oled isikup\u00e4rane\",\"potentialAction\":[{\"@type\":\"SearchAction\",\"target\":{\"@type\":\"EntryPoint\",\"urlTemplate\":\"https:\/\/humanae.ee\/?s={search_term_string}\"},\"query-input\":{\"@type\":\"PropertyValueSpecification\",\"valueRequired\":true,\"valueName\":\"search_term_string\"}}],\"inLanguage\":\"en-US\"}]}<\/script>\n<!-- \/ Yoast SEO plugin. -->","yoast_head_json":{"title":"Shops - Humana Estonia","description":"On this page you can find information, contacts and up to date opening hours of all Humana shops located in Estonia","robots":{"index":"index","follow":"follow","max-snippet":"max-snippet:-1","max-image-preview":"max-image-preview:large","max-video-preview":"max-video-preview:-1"},"canonical":"https:\/\/humanae.ee\/en\/shops\/","og_locale":"en_US","og_type":"article","og_title":"Shops - Humana Estonia","og_description":"On this page you can find information, contacts and up to date opening hours of all Humana shops located in Estonia","og_url":"https:\/\/humanae.ee\/en\/shops\/","og_site_name":"Humana Estonia","article_modified_time":"2026-04-14T05:46:04+00:00","og_image":[{"width":1200,"height":800,"url":"https:\/\/humanae.ee\/wp-content\/uploads\/2024\/08\/Kauplused-tunnuspilt.jpg","type":"image\/jpeg"}],"twitter_card":"summary_large_image","twitter_misc":{"Est. reading time":"1 minute"},"schema":{"@context":"https:\/\/schema.org","@graph":[{"@type":"WebPage","@id":"https:\/\/humanae.ee\/en\/shops\/","url":"https:\/\/humanae.ee\/en\/shops\/","name":"Shops - Humana Estonia","isPartOf":{"@id":"https:\/\/humanae.ee\/#website"},"primaryImageOfPage":{"@id":"https:\/\/humanae.ee\/en\/shops\/#primaryimage"},"image":{"@id":"https:\/\/humanae.ee\/en\/shops\/#primaryimage"},"thumbnailUrl":"https:\/\/humanae.ee\/wp-content\/uploads\/2024\/08\/Kauplused-tunnuspilt.jpg","datePublished":"2020-12-01T12:00:42+00:00","dateModified":"2026-04-14T05:46:04+00:00","description":"On this page you can find information, contacts and up to date opening hours of all Humana shops located in Estonia","breadcrumb":{"@id":"https:\/\/humanae.ee\/en\/shops\/#breadcrumb"},"inLanguage":"en-US","potentialAction":[{"@type":"ReadAction","target":["https:\/\/humanae.ee\/en\/shops\/"]}]},{"@type":"ImageObject","inLanguage":"en-US","@id":"https:\/\/humanae.ee\/en\/shops\/#primaryimage","url":"https:\/\/humanae.ee\/wp-content\/uploads\/2024\/08\/Kauplused-tunnuspilt.jpg","contentUrl":"https:\/\/humanae.ee\/wp-content\/uploads\/2024\/08\/Kauplused-tunnuspilt.jpg","width":1200,"height":800,"caption":"Kompanii vintage Humana m\u00fc\u00fcgisaal tekstiili ja k\u00e4ekottide v\u00e4ljapanekuga"},{"@type":"BreadcrumbList","@id":"https:\/\/humanae.ee\/en\/shops\/#breadcrumb","itemListElement":[{"@type":"ListItem","position":1,"name":"Home","item":"https:\/\/humanae.ee\/en\/"},{"@type":"ListItem","position":2,"name":"Shops"}]},{"@type":"WebSite","@id":"https:\/\/humanae.ee\/#website","url":"https:\/\/humanae.ee\/","name":"Humana Estonia","description":"S\u00e4\u00e4stad raha, s\u00e4\u00e4stad loodust, oled isikup\u00e4rane","potentialAction":[{"@type":"SearchAction","target":{"@type":"EntryPoint","urlTemplate":"https:\/\/humanae.ee\/?s={search_term_string}"},"query-input":{"@type":"PropertyValueSpecification","valueRequired":true,"valueName":"search_term_string"}}],"inLanguage":"en-US"}]}},"jetpack_sharing_enabled":true,"_links":{"self":[{"href":"https:\/\/humanae.ee\/en\/wp-json\/wp\/v2\/pages\/384","targetHints":{"allow":["GET"]}}],"collection":[{"href":"https:\/\/humanae.ee\/en\/wp-json\/wp\/v2\/pages"}],"about":[{"href":"https:\/\/humanae.ee\/en\/wp-json\/wp\/v2\/types\/page"}],"author":[{"embeddable":true,"href":"https:\/\/humanae.ee\/en\/wp-json\/wp\/v2\/users\/1"}],"replies":[{"embeddable":true,"href":"https:\/\/humanae.ee\/en\/wp-json\/wp\/v2\/comments?post=384"}],"version-history":[{"count":707,"href":"https:\/\/humanae.ee\/en\/wp-json\/wp\/v2\/pages\/384\/revisions"}],"predecessor-version":[{"id":15129,"href":"https:\/\/humanae.ee\/en\/wp-json\/wp\/v2\/pages\/384\/revisions\/15129"}],"wp:featuredmedia":[{"embeddable":true,"href":"https:\/\/humanae.ee\/en\/wp-json\/wp\/v2\/media\/10348"}],"wp:attachment":[{"href":"https:\/\/humanae.ee\/en\/wp-json\/wp\/v2\/media?parent=384"}],"curies":[{"name":"wp","href":"https:\/\/api.w.org\/{rel}","templated":true}]}}