{"id":376,"date":"2020-12-01T14:01:38","date_gmt":"2020-12-01T12:01:38","guid":{"rendered":"https:\/\/humanae.ee\/kontaktid\/"},"modified":"2024-03-14T12:54:09","modified_gmt":"2024-03-14T10:54:09","slug":"contact","status":"publish","type":"page","link":"https:\/\/humanae.ee\/en\/contact\/","title":{"rendered":"Contact"},"content":{"rendered":"<div class=\"b-block pad-top-60 pad-bottom-50\"><div id=\"e69df2570095f6\" class=\"b-part p-cols container\"><div class=\"p-cols__row row align-items-center\"><div class=\"p-cols__col col editor-content\"><div class=\"p-cols__col-content\"><p><strong>Humana Sorteerimiskeskus O\u00dc<br \/>\nReg nr<\/strong>\u00a010775392<br \/>\n<strong>VAT reg nr<\/strong>\u00a0EE100693919<br \/>\nJ\u00e4lgim\u00e4e 13, 76406, T\u00e4nassilma k\u00fcla, Saku vald<\/p>\n<p><b>Phone <\/b>9:00-16:00: <a href=\"tel:+37254004138\">(+372) 54004138<\/a><br \/>\n<strong>E-mail:<\/strong> <a href=\"mailto:info@humanae.ee\">info@humanae.ee<\/a><\/p>\n<p><strong>General director<\/strong><br \/>\nMargus Suik<br \/>\nE-mail: <a href=\"mailto:margus.suik@humanae.ee\">margus.suik@humanae.ee<\/a><\/p>\n<p><strong>Information manager<\/strong><br \/>\nMari-Helene Kaber<br \/>\nPhone: <a href=\"tel:+37259196050\">(+372) 59 19 60 50<\/a><br \/>\nE-mail: <a href=\"mailto:info@humanae.ee\">info@humanae.ee<\/a><\/p>\n<\/div><\/div><div class=\"p-cols__col col editor-content\"><div class=\"p-cols__col-content\"><p><iframe loading=\"lazy\" style=\"border: 0;\" tabindex=\"0\" src=\"https:\/\/www.google.com\/maps\/embed?pb=!1m18!1m12!1m3!1d5077.65102411995!2d24.620150433172636!3d59.34030092704657!2m3!1f0!2f0!3f0!3m2!1i1024!2i768!4f13.1!3m3!1m2!1s0x4692bfca323f9725%3A0xb793e65462b43b71!2sHumana%20Sorteerimiskeskus%20O%C3%9C!5e0!3m2!1set!2see!4v1606908150508!5m2!1set!2see\" width=\"600\" height=\"380\" frameborder=\"0\" allowfullscreen=\"allowfullscreen\" aria-hidden=\"false\"><\/iframe><\/p>\n<\/div><\/div><\/div><\/div><\/div><div class=\"b-block pad-top-50 pad-bottom-50\"><div id=\"e69df257009760\" class=\"b-part p-cols container\"><div class=\"p-cols__row row\"><div class=\"p-cols__col col editor-content\"><div class=\"p-cols__col-content\"><h4>Shops<\/h4>\n<p><strong>Iiri Kikas<\/strong><\/p>\n<p><strong>Phone:<\/strong> <a href=\"tel:+37255541102\">(+372) 555 411 02<\/a><br \/>\n<strong>E-mail:<\/strong> <a href=\"mailto:iiri.kikas@humanae.ee\">iiri.kikas@humanae.ee<\/a><\/p>\n<p>&nbsp;<\/p>\n<\/div><\/div><div class=\"p-cols__col col editor-content\"><div class=\"p-cols__col-content\"><h4>Import-export<\/h4>\n<p><strong><b>Christopher Wallace Kehinde<\/b><\/strong><\/p>\n<p><strong>Phone:<\/strong> <a href=\"tel:(+372) 53 226 506\">(+372) 53 226 506<\/a><br \/>\n<strong>E-mail:<\/strong> <a href=\"mailto:christopher@humanae.ee\">christopher@humanae.ee<\/a><\/p>\n<\/div><\/div><div class=\"p-cols__col col editor-content\"><div class=\"p-cols__col-content\"><h4>Collection<\/h4>\n<p><strong>Kalev Uusp\u00f5ld<\/strong><\/p>\n<p><strong>Phone:<\/strong> <a href=\"tel:(+372) 5885 7000\">(+372) 5885 7000<\/a><br \/>\n<strong>E-mail:<\/strong> <a href=\"mailto:kogumine@humanae.ee\">kogumine@humanae.ee<\/a><\/p>\n<\/div><\/div><div class=\"p-cols__col col editor-content\"><div class=\"p-cols__col-content\"><h4>Human resources<\/h4>\n<p><strong>Katrin K\u00fcnnapuu<\/strong><\/p>\n<p><strong>Phone: <\/strong><a href=\"tel:(+372) 5097647\">(+372) 5097647<\/a><br \/>\n<strong>E-mail:<\/strong> <a href=\"mailto:personal@humanae.ee\">personal@humanae.ee<\/a><\/p>\n<\/div><\/div><\/div><\/div><div class=\"b-part p-btn container text-center\"><a class=\"p-btn__item btn btn-primary\" href=\"https:\/\/humanae.ee\/en\/shops\/\">Shop contacts<\/a><\/div><\/div>","protected":false},"excerpt":{"rendered":"","protected":false},"author":1,"featured_media":3189,"parent":0,"menu_order":50,"comment_status":"closed","ping_status":"closed","template":"","meta":{"_acf_changed":false,"inline_featured_image":false,"footnotes":""},"class_list":["post-376","page","type-page","status-publish","has-post-thumbnail","hentry"],"acf":[],"yoast_head":"<!-- This site is optimized with the Yoast SEO plugin v24.4 - https:\/\/yoast.com\/wordpress\/plugins\/seo\/ -->\n<title>Contact - Humana Estonia<\/title>\n<meta name=\"robots\" content=\"index, follow, max-snippet:-1, max-image-preview:large, max-video-preview:-1\" \/>\n<link rel=\"canonical\" href=\"https:\/\/humanae.ee\/en\/contact\/\" \/>\n<meta property=\"og:locale\" content=\"en_US\" \/>\n<meta property=\"og:type\" content=\"article\" \/>\n<meta property=\"og:title\" content=\"Contact - Humana Estonia\" \/>\n<meta property=\"og:url\" content=\"https:\/\/humanae.ee\/en\/contact\/\" \/>\n<meta property=\"og:site_name\" content=\"Humana Estonia\" \/>\n<meta property=\"article:modified_time\" content=\"2024-03-14T10:54:09+00:00\" \/>\n<meta property=\"og:image\" content=\"https:\/\/humanae.ee\/wp-content\/uploads\/2022\/06\/tunnus-7.jpg\" \/>\n\t<meta property=\"og:image:width\" content=\"1200\" \/>\n\t<meta property=\"og:image:height\" content=\"800\" \/>\n\t<meta property=\"og:image:type\" content=\"image\/jpeg\" \/>\n<meta name=\"twitter:card\" content=\"summary_large_image\" \/>\n<meta name=\"twitter:label1\" content=\"Est. reading time\" \/>\n\t<meta name=\"twitter:data1\" content=\"1 minute\" \/>\n<script type=\"application\/ld+json\" class=\"yoast-schema-graph\">{\"@context\":\"https:\/\/schema.org\",\"@graph\":[{\"@type\":\"WebPage\",\"@id\":\"https:\/\/humanae.ee\/en\/contact\/\",\"url\":\"https:\/\/humanae.ee\/en\/contact\/\",\"name\":\"Contact - Humana Estonia\",\"isPartOf\":{\"@id\":\"https:\/\/humanae.ee\/#website\"},\"primaryImageOfPage\":{\"@id\":\"https:\/\/humanae.ee\/en\/contact\/#primaryimage\"},\"image\":{\"@id\":\"https:\/\/humanae.ee\/en\/contact\/#primaryimage\"},\"thumbnailUrl\":\"https:\/\/humanae.ee\/wp-content\/uploads\/2022\/06\/tunnus-7.jpg\",\"datePublished\":\"2020-12-01T12:01:38+00:00\",\"dateModified\":\"2024-03-14T10:54:09+00:00\",\"breadcrumb\":{\"@id\":\"https:\/\/humanae.ee\/en\/contact\/#breadcrumb\"},\"inLanguage\":\"en-US\",\"potentialAction\":[{\"@type\":\"ReadAction\",\"target\":[\"https:\/\/humanae.ee\/en\/contact\/\"]}]},{\"@type\":\"ImageObject\",\"inLanguage\":\"en-US\",\"@id\":\"https:\/\/humanae.ee\/en\/contact\/#primaryimage\",\"url\":\"https:\/\/humanae.ee\/wp-content\/uploads\/2022\/06\/tunnus-7.jpg\",\"contentUrl\":\"https:\/\/humanae.ee\/wp-content\/uploads\/2022\/06\/tunnus-7.jpg\",\"width\":1200,\"height\":800,\"caption\":\"T\u00fcdruk telefoniga\"},{\"@type\":\"BreadcrumbList\",\"@id\":\"https:\/\/humanae.ee\/en\/contact\/#breadcrumb\",\"itemListElement\":[{\"@type\":\"ListItem\",\"position\":1,\"name\":\"Home\",\"item\":\"https:\/\/humanae.ee\/en\/\"},{\"@type\":\"ListItem\",\"position\":2,\"name\":\"Contact\"}]},{\"@type\":\"WebSite\",\"@id\":\"https:\/\/humanae.ee\/#website\",\"url\":\"https:\/\/humanae.ee\/\",\"name\":\"Humana Estonia\",\"description\":\"S\u00e4\u00e4stad raha, s\u00e4\u00e4stad loodust, oled isikup\u00e4rane\",\"potentialAction\":[{\"@type\":\"SearchAction\",\"target\":{\"@type\":\"EntryPoint\",\"urlTemplate\":\"https:\/\/humanae.ee\/?s={search_term_string}\"},\"query-input\":{\"@type\":\"PropertyValueSpecification\",\"valueRequired\":true,\"valueName\":\"search_term_string\"}}],\"inLanguage\":\"en-US\"}]}<\/script>\n<!-- \/ Yoast SEO plugin. -->","yoast_head_json":{"title":"Contact - Humana Estonia","robots":{"index":"index","follow":"follow","max-snippet":"max-snippet:-1","max-image-preview":"max-image-preview:large","max-video-preview":"max-video-preview:-1"},"canonical":"https:\/\/humanae.ee\/en\/contact\/","og_locale":"en_US","og_type":"article","og_title":"Contact - Humana Estonia","og_url":"https:\/\/humanae.ee\/en\/contact\/","og_site_name":"Humana Estonia","article_modified_time":"2024-03-14T10:54:09+00:00","og_image":[{"width":1200,"height":800,"url":"https:\/\/humanae.ee\/wp-content\/uploads\/2022\/06\/tunnus-7.jpg","type":"image\/jpeg"}],"twitter_card":"summary_large_image","twitter_misc":{"Est. reading time":"1 minute"},"schema":{"@context":"https:\/\/schema.org","@graph":[{"@type":"WebPage","@id":"https:\/\/humanae.ee\/en\/contact\/","url":"https:\/\/humanae.ee\/en\/contact\/","name":"Contact - Humana Estonia","isPartOf":{"@id":"https:\/\/humanae.ee\/#website"},"primaryImageOfPage":{"@id":"https:\/\/humanae.ee\/en\/contact\/#primaryimage"},"image":{"@id":"https:\/\/humanae.ee\/en\/contact\/#primaryimage"},"thumbnailUrl":"https:\/\/humanae.ee\/wp-content\/uploads\/2022\/06\/tunnus-7.jpg","datePublished":"2020-12-01T12:01:38+00:00","dateModified":"2024-03-14T10:54:09+00:00","breadcrumb":{"@id":"https:\/\/humanae.ee\/en\/contact\/#breadcrumb"},"inLanguage":"en-US","potentialAction":[{"@type":"ReadAction","target":["https:\/\/humanae.ee\/en\/contact\/"]}]},{"@type":"ImageObject","inLanguage":"en-US","@id":"https:\/\/humanae.ee\/en\/contact\/#primaryimage","url":"https:\/\/humanae.ee\/wp-content\/uploads\/2022\/06\/tunnus-7.jpg","contentUrl":"https:\/\/humanae.ee\/wp-content\/uploads\/2022\/06\/tunnus-7.jpg","width":1200,"height":800,"caption":"T\u00fcdruk telefoniga"},{"@type":"BreadcrumbList","@id":"https:\/\/humanae.ee\/en\/contact\/#breadcrumb","itemListElement":[{"@type":"ListItem","position":1,"name":"Home","item":"https:\/\/humanae.ee\/en\/"},{"@type":"ListItem","position":2,"name":"Contact"}]},{"@type":"WebSite","@id":"https:\/\/humanae.ee\/#website","url":"https:\/\/humanae.ee\/","name":"Humana Estonia","description":"S\u00e4\u00e4stad raha, s\u00e4\u00e4stad loodust, oled isikup\u00e4rane","potentialAction":[{"@type":"SearchAction","target":{"@type":"EntryPoint","urlTemplate":"https:\/\/humanae.ee\/?s={search_term_string}"},"query-input":{"@type":"PropertyValueSpecification","valueRequired":true,"valueName":"search_term_string"}}],"inLanguage":"en-US"}]}},"jetpack_sharing_enabled":true,"_links":{"self":[{"href":"https:\/\/humanae.ee\/en\/wp-json\/wp\/v2\/pages\/376","targetHints":{"allow":["GET"]}}],"collection":[{"href":"https:\/\/humanae.ee\/en\/wp-json\/wp\/v2\/pages"}],"about":[{"href":"https:\/\/humanae.ee\/en\/wp-json\/wp\/v2\/types\/page"}],"author":[{"embeddable":true,"href":"https:\/\/humanae.ee\/en\/wp-json\/wp\/v2\/users\/1"}],"replies":[{"embeddable":true,"href":"https:\/\/humanae.ee\/en\/wp-json\/wp\/v2\/comments?post=376"}],"version-history":[{"count":20,"href":"https:\/\/humanae.ee\/en\/wp-json\/wp\/v2\/pages\/376\/revisions"}],"predecessor-version":[{"id":9136,"href":"https:\/\/humanae.ee\/en\/wp-json\/wp\/v2\/pages\/376\/revisions\/9136"}],"wp:featuredmedia":[{"embeddable":true,"href":"https:\/\/humanae.ee\/en\/wp-json\/wp\/v2\/media\/3189"}],"wp:attachment":[{"href":"https:\/\/humanae.ee\/en\/wp-json\/wp\/v2\/media?parent=376"}],"curies":[{"name":"wp","href":"https:\/\/api.w.org\/{rel}","templated":true}]}}